{"id":10562,"date":"2021-03-16T12:57:10","date_gmt":"2021-03-16T12:57:10","guid":{"rendered":"https:\/\/northernwebdesign.co.uk\/tenerifevape\/?post_type=product&#038;p=10562"},"modified":"2022-08-16T17:12:48","modified_gmt":"2022-08-16T16:12:48","slug":"bombo-golden-era-salts-nirvana-10ml","status":"publish","type":"product","link":"https:\/\/northernwebdesign.co.uk\/tenerifevape\/product\/bombo-golden-era-salts-nirvana-10ml\/","title":{"rendered":"Nirvana | Golden Era Salts | Bombo | 10ml"},"content":{"rendered":"","protected":false},"excerpt":{"rendered":"<p>Exclusiva receta de alt\u00edsima calidad que combina m\u00faltiples matices arom\u00e1ticos con una sutileza maestra. La cremosidad de una\u00a0<strong>vainilla<\/strong>\u00a0selecta en forma de\u00a0<strong>custard<\/strong>\u00a0con suaves notas secas, una ligera capa de\u00a0<strong>az\u00facar tostado<\/strong>\u00a0al estilo\u00a0<strong>crema catalana<\/strong>\u00a0y un\u00a0<strong>fondo a\u00f1ejo<\/strong>\u00a0de\u00a0<strong>madera<\/strong>\u00a0te har\u00e1n alcanzar el\u00a0<strong>nirvana<\/strong>. Probablemente, el sabor id\u00edlico que siempre imaginaste y que nunca antes se hab\u00eda logrado.<\/p>\n<p>10ml &#8211; nicotina de sales<\/p>\n","protected":false},"featured_media":41304,"comment_status":"open","ping_status":"closed","template":"","meta":[],"product_cat":[3005,3026,2992,2985,3029,3008],"product_tag":[1428,1450,1449,1423],"yst_prominent_words":[],"supplier_id":null,"supplier_sku":"","barcode":null,"atum_controlled":true,"out_stock_date":null,"out_stock_threshold":null,"inheritable":false,"inbound_stock":0,"stock_on_hold":0,"sold_today":0,"sales_last_days":0,"reserved_stock":0,"customer_returns":0,"warehouse_damage":0,"lost_in_post":0,"other_logs":0,"out_stock_days":0,"lost_sales":0,"has_location":false,"update_date":"2026-04-21T17:25:47","atum_locations":[],"atum_stock_status":"instock","restock_status":false,"low_stock_amount":"","sales_update_date":"2026-04-21T17:25:47","wcpa_form_fields":null,"_links":{"self":[{"href":"https:\/\/northernwebdesign.co.uk\/tenerifevape\/wp-json\/wp\/v2\/product\/10562"}],"collection":[{"href":"https:\/\/northernwebdesign.co.uk\/tenerifevape\/wp-json\/wp\/v2\/product"}],"about":[{"href":"https:\/\/northernwebdesign.co.uk\/tenerifevape\/wp-json\/wp\/v2\/types\/product"}],"replies":[{"embeddable":true,"href":"https:\/\/northernwebdesign.co.uk\/tenerifevape\/wp-json\/wp\/v2\/comments?post=10562"}],"wp:featuredmedia":[{"embeddable":true,"href":"https:\/\/northernwebdesign.co.uk\/tenerifevape\/wp-json\/wp\/v2\/media\/41304"}],"wp:attachment":[{"href":"https:\/\/northernwebdesign.co.uk\/tenerifevape\/wp-json\/wp\/v2\/media?parent=10562"}],"wp:term":[{"taxonomy":"product_cat","embeddable":true,"href":"https:\/\/northernwebdesign.co.uk\/tenerifevape\/wp-json\/wp\/v2\/product_cat?post=10562"},{"taxonomy":"product_tag","embeddable":true,"href":"https:\/\/northernwebdesign.co.uk\/tenerifevape\/wp-json\/wp\/v2\/product_tag?post=10562"},{"taxonomy":"yst_prominent_words","embeddable":true,"href":"https:\/\/northernwebdesign.co.uk\/tenerifevape\/wp-json\/wp\/v2\/yst_prominent_words?post=10562"}],"curies":[{"name":"wp","href":"https:\/\/api.w.org\/{rel}","templated":true}]}}