{"id":10570,"date":"2021-03-16T13:05:04","date_gmt":"2021-03-16T13:05:04","guid":{"rendered":"https:\/\/northernwebdesign.co.uk\/tenerifevape\/?post_type=product&#038;p=10570"},"modified":"2022-08-16T17:12:33","modified_gmt":"2022-08-16T16:12:33","slug":"bombo-golden-era-salts-vulcania-10ml","status":"publish","type":"product","link":"https:\/\/northernwebdesign.co.uk\/tenerifevape\/product\/bombo-golden-era-salts-vulcania-10ml\/","title":{"rendered":"Vulcania | Golden Era Salts | Bombo | 10ml"},"content":{"rendered":"","protected":false},"excerpt":{"rendered":"<p>El\u00a0l\u00edquido<strong>\u00a0Vulcania de\u00a0Bombo Eliquids<\/strong>\u00a0nos\u00a0concentra en un solo bote\u00a0una base s\u00f3lida de\u00a0<strong>tabaco rubio<\/strong>\u00a0armonizado con\u00a0<strong>delicada vainilla<\/strong>,\u00a0<strong>suave caramelo<\/strong>\u00a0y\u00a0<strong>galletas de ma\u00edz<\/strong>, todo ello meticulosamente aderezado con\u00a0<strong>ingredientes secretos<\/strong>\u00a0marca de la casa. Una aut\u00e9ntica erupci\u00f3n de matices arom\u00e1ticos con personalidad propia.<\/p>\n<p>10ml &#8211; nicotina de sales<\/p>\n","protected":false},"featured_media":41306,"comment_status":"open","ping_status":"closed","template":"","meta":[],"product_cat":[3005,3026,2992,2985,3029,3008,2994],"product_tag":[1430,1422,1436,1423],"yst_prominent_words":[],"supplier_id":null,"supplier_sku":"","barcode":null,"atum_controlled":true,"out_stock_date":null,"out_stock_threshold":null,"inheritable":false,"inbound_stock":0,"stock_on_hold":0,"sold_today":0,"sales_last_days":0,"reserved_stock":0,"customer_returns":0,"warehouse_damage":0,"lost_in_post":0,"other_logs":0,"out_stock_days":0,"lost_sales":0,"has_location":false,"update_date":"2026-04-22T17:27:43","atum_locations":[],"atum_stock_status":"instock","restock_status":false,"low_stock_amount":"","sales_update_date":"2026-04-22T17:27:43","wcpa_form_fields":null,"_links":{"self":[{"href":"https:\/\/northernwebdesign.co.uk\/tenerifevape\/wp-json\/wp\/v2\/product\/10570"}],"collection":[{"href":"https:\/\/northernwebdesign.co.uk\/tenerifevape\/wp-json\/wp\/v2\/product"}],"about":[{"href":"https:\/\/northernwebdesign.co.uk\/tenerifevape\/wp-json\/wp\/v2\/types\/product"}],"replies":[{"embeddable":true,"href":"https:\/\/northernwebdesign.co.uk\/tenerifevape\/wp-json\/wp\/v2\/comments?post=10570"}],"wp:featuredmedia":[{"embeddable":true,"href":"https:\/\/northernwebdesign.co.uk\/tenerifevape\/wp-json\/wp\/v2\/media\/41306"}],"wp:attachment":[{"href":"https:\/\/northernwebdesign.co.uk\/tenerifevape\/wp-json\/wp\/v2\/media?parent=10570"}],"wp:term":[{"taxonomy":"product_cat","embeddable":true,"href":"https:\/\/northernwebdesign.co.uk\/tenerifevape\/wp-json\/wp\/v2\/product_cat?post=10570"},{"taxonomy":"product_tag","embeddable":true,"href":"https:\/\/northernwebdesign.co.uk\/tenerifevape\/wp-json\/wp\/v2\/product_tag?post=10570"},{"taxonomy":"yst_prominent_words","embeddable":true,"href":"https:\/\/northernwebdesign.co.uk\/tenerifevape\/wp-json\/wp\/v2\/yst_prominent_words?post=10570"}],"curies":[{"name":"wp","href":"https:\/\/api.w.org\/{rel}","templated":true}]}}