{"id":10675,"date":"2021-05-19T10:39:28","date_gmt":"2021-05-19T09:39:28","guid":{"rendered":"https:\/\/northernwebdesign.co.uk\/tenerifevape\/?post_type=product&#038;p=10675"},"modified":"2022-08-16T16:45:53","modified_gmt":"2022-08-16T15:45:53","slug":"charro-coils-dual-fused-clapton-n80-0-18-ohm-pack-2","status":"publish","type":"product","link":"https:\/\/northernwebdesign.co.uk\/tenerifevape\/product\/charro-coils-dual-fused-clapton-n80-0-18-ohm-pack-2\/","title":{"rendered":"Dual Fused Clapton N80 0.18 Ohm (Pack 2) | Charro Coils"},"content":{"rendered":"<p>&nbsp;<\/p>\n<p>&nbsp;<\/p>\n","protected":false},"excerpt":{"rendered":"<p>La gama de resistencias CharroCoils, nace con la ilusi\u00f3n de llevar a cada estilo de vapeo la mejor calidad para poder disfrutar al m\u00e1ximo de la experiencia de vapear sus l\u00edquidos favoritos. La filosof\u00eda de CharroCoils es ofrecer unas resistencias de gran rendimiento, apostando por un sabor inmejorable.<\/p>\n<p>Las resistencias CharroCoils, se centran en ofrecer una calada instant\u00e1nea, para ello utilizamos los materiales id\u00f3neos para cada modelo, equilibrando la masa de las resistencias, para que en ning\u00fan caso se estrese la bater\u00eda al vapear.<\/p>\n<p>Todas nuestras resistencias est\u00e1n elaboradas a mano, en Espa\u00f1a, utilizando una selecci\u00f3n de materiales que son Nichrome 80 y Acero Inoxidable 316L de grado quir\u00fargico de la prestigiosa marca KIDNEY PUNCHER y en la gama 90\u2019s utilizamos Nichrome 90 proveniente de otra gran marca americana, Lightning Vapes.<\/p>\n<p><strong>Charro Coils Dual Fused Clapton N80 0.18 Ohm<\/strong>\u00a0Es una resistencia perfecta para atomizadores de tipo RTA y RDTA, tambi\u00e9n tiene muy buen funcionamiento en atomizadores de dripeo. Es una resistencia muy equilibrada, con buen sabor y una buena producci\u00f3n de vapor.\u00a0<strong>Pack de 2 unidades.<\/strong><\/p>\n<p>Est\u00e1 construida con dos n\u00facleos de 26ga y un claptomizado de 28ga, todo ello 100% Nichrome80 de KIDNEY PUNCHER, en 6 vueltas en gu\u00eda de 3mm. 0.18 Ohmios en dual coil.<\/p>\n<p>&nbsp;<\/p>\n<p>Adem\u00e1s para el montaje no hay ning\u00fan problema pues la gu\u00eda de 2.00mm aunque baila un poco, se puede emplear perfectamente para que no se deforme al instalarla en vuestro atomizador favorito.<\/p>\n<p>&nbsp;<\/p>\n<p>Perfectas para todo el espectro de atomizadores dual coil, ya sean RTA, RDA o RDTA de m\u00e1s de 22mm.<\/p>\n","protected":false},"featured_media":41320,"comment_status":"open","ping_status":"closed","template":"","meta":[],"product_cat":[2989,3010,3031,3039],"product_tag":[],"yst_prominent_words":[],"supplier_id":null,"supplier_sku":"","barcode":null,"atum_controlled":true,"out_stock_date":null,"out_stock_threshold":null,"inheritable":false,"inbound_stock":0,"stock_on_hold":0,"sold_today":0,"sales_last_days":0,"reserved_stock":0,"customer_returns":0,"warehouse_damage":0,"lost_in_post":0,"other_logs":0,"out_stock_days":0,"lost_sales":0,"has_location":false,"update_date":"2026-04-21T17:25:47","atum_locations":[],"atum_stock_status":"instock","restock_status":false,"low_stock_amount":0,"sales_update_date":"2026-04-21T17:25:47","wcpa_form_fields":null,"_links":{"self":[{"href":"https:\/\/northernwebdesign.co.uk\/tenerifevape\/wp-json\/wp\/v2\/product\/10675"}],"collection":[{"href":"https:\/\/northernwebdesign.co.uk\/tenerifevape\/wp-json\/wp\/v2\/product"}],"about":[{"href":"https:\/\/northernwebdesign.co.uk\/tenerifevape\/wp-json\/wp\/v2\/types\/product"}],"replies":[{"embeddable":true,"href":"https:\/\/northernwebdesign.co.uk\/tenerifevape\/wp-json\/wp\/v2\/comments?post=10675"}],"wp:featuredmedia":[{"embeddable":true,"href":"https:\/\/northernwebdesign.co.uk\/tenerifevape\/wp-json\/wp\/v2\/media\/41320"}],"wp:attachment":[{"href":"https:\/\/northernwebdesign.co.uk\/tenerifevape\/wp-json\/wp\/v2\/media?parent=10675"}],"wp:term":[{"taxonomy":"product_cat","embeddable":true,"href":"https:\/\/northernwebdesign.co.uk\/tenerifevape\/wp-json\/wp\/v2\/product_cat?post=10675"},{"taxonomy":"product_tag","embeddable":true,"href":"https:\/\/northernwebdesign.co.uk\/tenerifevape\/wp-json\/wp\/v2\/product_tag?post=10675"},{"taxonomy":"yst_prominent_words","embeddable":true,"href":"https:\/\/northernwebdesign.co.uk\/tenerifevape\/wp-json\/wp\/v2\/yst_prominent_words?post=10675"}],"curies":[{"name":"wp","href":"https:\/\/api.w.org\/{rel}","templated":true}]}}