{"id":11001,"date":"2021-10-15T12:26:52","date_gmt":"2021-10-15T11:26:52","guid":{"rendered":"https:\/\/northernwebdesign.co.uk\/tenerifevape\/?post_type=product&#038;p=11001"},"modified":"2022-08-16T17:28:24","modified_gmt":"2022-08-16T16:28:24","slug":"voopoo-argus-pro-cyan-3000mah","status":"publish","type":"product","link":"https:\/\/northernwebdesign.co.uk\/tenerifevape\/product\/voopoo-argus-pro-cyan-3000mah\/","title":{"rendered":"Argus Pro (Cyan) (3000mAh) | Voopoo"},"content":{"rendered":"<h3><strong>Caracter\u00edsticas de Voopoo Argus Pro:<\/strong><\/h3>\n<p>&nbsp;<\/p>\n<ul>\n<li>Tama\u00f1o: 35\u00a0x 31\u00a0x 118mm<\/li>\n<li>Capacidad: 2ml<\/li>\n<li>Bater\u00eda: 3000mAh integrada<\/li>\n<li>Rango de Potencia: 5w &#8211; 80w<\/li>\n<li>Rango de Resistencia: 0.1ohm &#8211; 3.0ohm<\/li>\n<li>Voltaje de salida: 3.2V &#8211; 4.2V<\/li>\n<li>Corriente de carga: 5V\/2A<\/li>\n<li>Material: Cuero, aleaci\u00f3n de zinc y PCTG<\/li>\n<li>Chipset GENE.TT de nueva generaci\u00f3n<\/li>\n<li>Modos SMART, RBA y Manual<\/li>\n<li>Mecanismo de disparo doble<\/li>\n<li>Cartucho PnP con conexi\u00f3n magn\u00e9tica fuerte con anillo protector de silicona<\/li>\n<li>Rellenado de fondo<\/li>\n<li>Entrada de aire ajustable integrado en el mod<\/li>\n<li>Pantalla OLED<\/li>\n<li>Compatible con toda la plataforma PnP tanto pods (MTL y RTA) y gama de resistencias<\/li>\n<\/ul>\n<p>&nbsp;<\/p>\n<h3><strong>El Voopoo Argus Pro incluye:<\/strong><\/h3>\n<p>&nbsp;<\/p>\n<ul>\n<li>1x Voopoo Argus Pro Mod<\/li>\n<li>1x Voopoo PnP Pod (2ml)<\/li>\n<li>1x PnP-VM6\u00a0Coil 0.15ohm<\/li>\n<li>1x PnP-VM1\u00a0Coil 0.3ohm<\/li>\n<li>1x Cable USB Tipo C<\/li>\n<li>1x Manual del usuario<\/li>\n<\/ul>\n","protected":false},"excerpt":{"rendered":"<p><strong>Voopoo Argus Pro<\/strong>, un pod kit con un dise\u00f1o caracter\u00edstico de la marca con la combinaci\u00f3n de\u00a0<strong>metal y cuero<\/strong>. Tiene una<strong>\u00a0bater\u00eda integrada<\/strong>\u00a0de gran capacidad de\u00a0<strong>3000mAh<\/strong>\u00a0con una<strong>\u00a0potencia m\u00e1xima de hasta 80w<\/strong>\u00a0y una carga r\u00e1pida mediante puerto USB tipo C. Incorpora una nueva generaci\u00f3n del potente\u00a0<strong>chipset GENE.TT,<\/strong>\u00a0una combinaci\u00f3n perfecta de rendimiento y diversi\u00f3n. Cuenta con el potente disparo r\u00e1pido e ignici\u00f3n, tambi\u00e9n las\u00a0<strong>funciones SMART<\/strong>\u00a0que lee autom\u00e1tica las resistencias que pongas y la potencia adecuada evitando as\u00ed el quemado de tus coils, modo manual, mecanismo de disparo doble y el modo RBA para los mas expertos. Tiene las entradas de aire igual que los Drag S\/X integrado en el mod ajustable mediante una palanca. Viene con el innovador\u00a0<strong>PnP Pod<\/strong>\u00a0de 2ml de capacidad junto con un anillo de silicona que sirve de protecci\u00f3n para el cartucho junto las resistencias potentes\u00a0<strong>PnP-VM1 RDL<\/strong>\u00a0de 0.3ohm y\u00a0<strong>PnP-VM6 DL<\/strong>\u00a0de 0.15ohm para sacar el m\u00e1ximo vapor y sabor de tus e-liquids favoritos. Argus Pro sin duda es uno de los m\u00e1s vers\u00e1tiles del mercado junto con la plataforma PnP hacen una combinaci\u00f3n perfecta para todo tipo de usuarios.<\/p>\n","protected":false},"featured_media":41394,"comment_status":"open","ping_status":"closed","template":"","meta":[],"product_cat":[2984,2998,2999],"product_tag":[],"yst_prominent_words":[],"supplier_id":null,"supplier_sku":"","barcode":null,"atum_controlled":true,"out_stock_date":"2022-08-13 11:12:37","out_stock_threshold":null,"inheritable":false,"inbound_stock":0,"stock_on_hold":0,"sold_today":0,"sales_last_days":0,"reserved_stock":0,"customer_returns":0,"warehouse_damage":0,"lost_in_post":0,"other_logs":0,"out_stock_days":1348,"lost_sales":0,"has_location":false,"update_date":"2026-04-22T17:27:32","atum_locations":[],"atum_stock_status":"outofstock","restock_status":false,"low_stock_amount":0,"sales_update_date":"2026-04-22T17:27:32","wcpa_form_fields":null,"_links":{"self":[{"href":"https:\/\/northernwebdesign.co.uk\/tenerifevape\/wp-json\/wp\/v2\/product\/11001"}],"collection":[{"href":"https:\/\/northernwebdesign.co.uk\/tenerifevape\/wp-json\/wp\/v2\/product"}],"about":[{"href":"https:\/\/northernwebdesign.co.uk\/tenerifevape\/wp-json\/wp\/v2\/types\/product"}],"replies":[{"embeddable":true,"href":"https:\/\/northernwebdesign.co.uk\/tenerifevape\/wp-json\/wp\/v2\/comments?post=11001"}],"wp:featuredmedia":[{"embeddable":true,"href":"https:\/\/northernwebdesign.co.uk\/tenerifevape\/wp-json\/wp\/v2\/media\/41394"}],"wp:attachment":[{"href":"https:\/\/northernwebdesign.co.uk\/tenerifevape\/wp-json\/wp\/v2\/media?parent=11001"}],"wp:term":[{"taxonomy":"product_cat","embeddable":true,"href":"https:\/\/northernwebdesign.co.uk\/tenerifevape\/wp-json\/wp\/v2\/product_cat?post=11001"},{"taxonomy":"product_tag","embeddable":true,"href":"https:\/\/northernwebdesign.co.uk\/tenerifevape\/wp-json\/wp\/v2\/product_tag?post=11001"},{"taxonomy":"yst_prominent_words","embeddable":true,"href":"https:\/\/northernwebdesign.co.uk\/tenerifevape\/wp-json\/wp\/v2\/yst_prominent_words?post=11001"}],"curies":[{"name":"wp","href":"https:\/\/api.w.org\/{rel}","templated":true}]}}