{"id":11183,"date":"2022-01-07T12:20:56","date_gmt":"2022-01-07T12:20:56","guid":{"rendered":"https:\/\/northernwebdesign.co.uk\/tenerifevape\/?post_type=product&#038;p=11183"},"modified":"2022-08-16T18:50:25","modified_gmt":"2022-08-16T17:50:25","slug":"voopoo-drag-x-pro-mystic-red","status":"publish","type":"product","link":"https:\/\/northernwebdesign.co.uk\/tenerifevape\/product\/voopoo-drag-x-pro-mystic-red\/","title":{"rendered":"Drag X Pro (Mystic Red) | Voopoo"},"content":{"rendered":"<h3><strong>Caracter\u00edsticas:<\/strong><\/h3>\n<ul>\n<li>Capacidad: 2ml<\/li>\n<li>5-100W<\/li>\n<li>Bater\u00eda: Single 21700\/18650 (no incluido)<\/li>\n<li>0.1ohm\/3.0ohm<\/li>\n<li>Sistema aire infinito 360\u00ba<\/li>\n<\/ul>\n<p>&nbsp;<\/p>\n<h3><strong>\u00bfQue incluye el Drag X Pro Kit?<\/strong><\/h3>\n<ul>\n<li>1x DRAG X\u00a0PRO<\/li>\n<li>1x TPP Pod (2ml)<\/li>\n<li>1x TPP-DM1, 0.15ohm<\/li>\n<li>1x TPP-DM4, 0.2ohm<\/li>\n<li>1x cable tipo C<\/li>\n<li>1x Manual de usuario<\/li>\n<\/ul>\n","protected":false},"excerpt":{"rendered":"<p><strong>Voopoo Drag X Pro Kit.\u00a0<\/strong>Inspirado en lo mejor del Drag.\u00a0Transformado por el nuevo chip GENE.FAN 3.0.\u00a0Combinado con el nuevo TPP X Pod. Destaca en cualquier ocasi\u00f3n.\u00a0Ser el maestro integral. Los detalles lo hacen profesional. Las sutilezas muestran la calidad del maestro. DRAG X PRO pule cada detalle al extremo. Desde la aparencia hasta la estructura, desde el atomizador hasta el interruptor de un bot\u00f3n, todos los detalles se cambain para lograrlo.<\/p>\n<p>DRAG X PRO admite u<strong>na sola bater\u00eda externa<\/strong> 21700 o 18650 (no incluido), y es fuerte con el puerto de carga r\u00e1pida Type-C 5V \/ 2.5A para acompa\u00f1arlo desde la ma\u00f1ana hasta la noche. DRAG X PRO est\u00e1 equipado con dos bobinas TPP de 0.15\u03a9 y 0.2\u03a9. Te dejar\u00e1n sentir las bobinas TPP de gran nube con sabores incre\u00edbles.<\/p>\n","protected":false},"featured_media":41426,"comment_status":"open","ping_status":"closed","template":"","meta":[],"product_cat":[2984,2999],"product_tag":[],"yst_prominent_words":[629,933,775,647],"supplier_id":null,"supplier_sku":"","barcode":null,"atum_controlled":true,"out_stock_date":"2022-08-13 11:15:12","out_stock_threshold":null,"inheritable":false,"inbound_stock":0,"stock_on_hold":0,"sold_today":0,"sales_last_days":0,"reserved_stock":0,"customer_returns":0,"warehouse_damage":0,"lost_in_post":0,"other_logs":0,"out_stock_days":1348,"lost_sales":0,"has_location":false,"update_date":"2026-04-22T17:26:42","atum_locations":[],"atum_stock_status":"outofstock","restock_status":false,"low_stock_amount":0,"sales_update_date":"2026-04-22T17:26:42","wcpa_form_fields":null,"_links":{"self":[{"href":"https:\/\/northernwebdesign.co.uk\/tenerifevape\/wp-json\/wp\/v2\/product\/11183"}],"collection":[{"href":"https:\/\/northernwebdesign.co.uk\/tenerifevape\/wp-json\/wp\/v2\/product"}],"about":[{"href":"https:\/\/northernwebdesign.co.uk\/tenerifevape\/wp-json\/wp\/v2\/types\/product"}],"replies":[{"embeddable":true,"href":"https:\/\/northernwebdesign.co.uk\/tenerifevape\/wp-json\/wp\/v2\/comments?post=11183"}],"wp:featuredmedia":[{"embeddable":true,"href":"https:\/\/northernwebdesign.co.uk\/tenerifevape\/wp-json\/wp\/v2\/media\/41426"}],"wp:attachment":[{"href":"https:\/\/northernwebdesign.co.uk\/tenerifevape\/wp-json\/wp\/v2\/media?parent=11183"}],"wp:term":[{"taxonomy":"product_cat","embeddable":true,"href":"https:\/\/northernwebdesign.co.uk\/tenerifevape\/wp-json\/wp\/v2\/product_cat?post=11183"},{"taxonomy":"product_tag","embeddable":true,"href":"https:\/\/northernwebdesign.co.uk\/tenerifevape\/wp-json\/wp\/v2\/product_tag?post=11183"},{"taxonomy":"yst_prominent_words","embeddable":true,"href":"https:\/\/northernwebdesign.co.uk\/tenerifevape\/wp-json\/wp\/v2\/yst_prominent_words?post=11183"}],"curies":[{"name":"wp","href":"https:\/\/api.w.org\/{rel}","templated":true}]}}