{"id":11185,"date":"2022-01-07T12:28:14","date_gmt":"2022-01-07T12:28:14","guid":{"rendered":"https:\/\/northernwebdesign.co.uk\/tenerifevape\/?post_type=product&#038;p=11185"},"modified":"2022-08-16T16:46:05","modified_gmt":"2022-08-16T15:46:05","slug":"efest-imate-r4-cargador","status":"publish","type":"product","link":"https:\/\/northernwebdesign.co.uk\/tenerifevape\/product\/efest-imate-r4-cargador\/","title":{"rendered":"iMate R4 Cargador | Efest"},"content":{"rendered":"<p><strong>Caracter\u00edsticas<\/strong><\/p>\n<ul>\n<li>Carga y monitoreo independientes<\/li>\n<li>Indicador LED de duraci\u00f3n de bater\u00eda<\/li>\n<li>Carga autom\u00e1tica de 2.0 A para una bater\u00eda<\/li>\n<li>Carga autom\u00e1tica de 1.0A para dos bater\u00edas<\/li>\n<li>Potencia de entrada DC: DC 12V \/ 1.5A 9V \/ 2A 5V \/ 2A<\/li>\n<li>Voltaje de corte autom\u00e1tico: 4.20 ( \/- 0.05V)<\/li>\n<li>Funci\u00f3n de recuperaci\u00f3n de activaci\u00f3n 0V<\/li>\n<li>Protecci\u00f3n contra inversi\u00f3n de polaridad<\/li>\n<li>Protecci\u00f3n contra cortocircuitos<\/li>\n<li>Protecci\u00f3n autom\u00e1tica de sobrecarga<\/li>\n<li>Construcci\u00f3n duradera, ign\u00edfugo<\/li>\n<li><strong>Compatible con:\u00a0<\/strong>10440, 14500, 14650, 16340, 16650, 17650, 17670, 18350, 18490, 18500, 18650, 20700, 22650, 26500, 26650<\/li>\n<\/ul>\n<p>&nbsp;<\/p>\n<p><strong>El\u00a0Efest iMate R4 Charger incluye:<\/strong><\/p>\n<ul>\n<li>1x Efest iMate R4 Charger<\/li>\n<li>1x Cable MicroUSB<\/li>\n<li>1x Tarjeta de Garant\u00eda<\/li>\n<\/ul>\n","protected":false},"excerpt":{"rendered":"<p>El cargador inteligente\u00a0<strong>Efest iMate R4 Charger<\/strong>\u00a0es un cargador de bater\u00eda asequible y preciso que puede cargar hasta cuatro bater\u00edas simult\u00e1neamente, de manera segura. Fabricado con materiales de PC duraderos e ign\u00edfugos, el cargador Efest iMATE R4 est\u00e1 dise\u00f1ado para proporcionar una carga constante a un ritmo r\u00e1pido a las bater\u00edas dentro de las bah\u00edas. Detectando autom\u00e1ticamente el tipo de bater\u00eda, el cargador regular\u00e1 y controlar\u00e1 la cantidad y la velocidad que la bater\u00eda puede cargar, evitando la sobrecarga con la funci\u00f3n de corte autom\u00e1tico, manteniendo a\u00fan m\u00e1s la vida \u00fatil de la celda de la bater\u00eda.<\/p>\n","protected":false},"featured_media":41427,"comment_status":"open","ping_status":"closed","template":"","meta":[],"product_cat":[2989,3035,3009],"product_tag":[],"yst_prominent_words":[629,656,1276,451],"supplier_id":null,"supplier_sku":"","barcode":null,"atum_controlled":true,"out_stock_date":null,"out_stock_threshold":null,"inheritable":false,"inbound_stock":0,"stock_on_hold":0,"sold_today":0,"sales_last_days":0,"reserved_stock":0,"customer_returns":0,"warehouse_damage":0,"lost_in_post":0,"other_logs":0,"out_stock_days":0,"lost_sales":0,"has_location":false,"update_date":"2026-04-23T17:27:21","atum_locations":[],"atum_stock_status":"instock","restock_status":false,"low_stock_amount":0,"sales_update_date":"2026-04-23T17:27:21","wcpa_form_fields":null,"_links":{"self":[{"href":"https:\/\/northernwebdesign.co.uk\/tenerifevape\/wp-json\/wp\/v2\/product\/11185"}],"collection":[{"href":"https:\/\/northernwebdesign.co.uk\/tenerifevape\/wp-json\/wp\/v2\/product"}],"about":[{"href":"https:\/\/northernwebdesign.co.uk\/tenerifevape\/wp-json\/wp\/v2\/types\/product"}],"replies":[{"embeddable":true,"href":"https:\/\/northernwebdesign.co.uk\/tenerifevape\/wp-json\/wp\/v2\/comments?post=11185"}],"wp:featuredmedia":[{"embeddable":true,"href":"https:\/\/northernwebdesign.co.uk\/tenerifevape\/wp-json\/wp\/v2\/media\/41427"}],"wp:attachment":[{"href":"https:\/\/northernwebdesign.co.uk\/tenerifevape\/wp-json\/wp\/v2\/media?parent=11185"}],"wp:term":[{"taxonomy":"product_cat","embeddable":true,"href":"https:\/\/northernwebdesign.co.uk\/tenerifevape\/wp-json\/wp\/v2\/product_cat?post=11185"},{"taxonomy":"product_tag","embeddable":true,"href":"https:\/\/northernwebdesign.co.uk\/tenerifevape\/wp-json\/wp\/v2\/product_tag?post=11185"},{"taxonomy":"yst_prominent_words","embeddable":true,"href":"https:\/\/northernwebdesign.co.uk\/tenerifevape\/wp-json\/wp\/v2\/yst_prominent_words?post=11185"}],"curies":[{"name":"wp","href":"https:\/\/api.w.org\/{rel}","templated":true}]}}