{"id":11417,"date":"2022-04-02T17:21:47","date_gmt":"2022-04-02T16:21:47","guid":{"rendered":"https:\/\/northernwebdesign.co.uk\/tenerifevape\/?post_type=product&#038;p=11417"},"modified":"2022-08-16T16:46:08","modified_gmt":"2022-08-16T15:46:08","slug":"vandy-vape-pulse-v2-bf-mod-carbon","status":"publish","type":"product","link":"https:\/\/northernwebdesign.co.uk\/tenerifevape\/product\/vandy-vape-pulse-v2-bf-mod-carbon\/","title":{"rendered":"Pulse V2 Bf Mod (Carbon) | Vandy Vape"},"content":{"rendered":"<h3><strong>Caracter\u00edsticas<\/strong>:<\/h3>\n<ul>\n<li>Bater\u00eda: 21700, 20700 o 18650 ( con adaptador)<\/li>\n<li>Tama\u00f1o: 82.3 x 28.4 x 54.7mm<\/li>\n<li>Rango de potencia: 5 -95W<\/li>\n<li>Rango de resistencia: 0.05ohm &#8211; 3ohm<\/li>\n<li>Rango de voltaje: 3.2V &#8211; 4.2V<\/li>\n<li>Protecci\u00f3n corriente de salida: &lt;34A<\/li>\n<li>Material: ABS Nylon y PCBA Waterproof<\/li>\n<li>Rellenado inferior directamente en la botella<\/li>\n<li>Puerto USB: tipo C<\/li>\n<li>Dise\u00f1o m\u00e1s refinado e ergon\u00f3mico<\/li>\n<\/ul>\n<h3><strong>El Kit incluye<\/strong>:<\/h3>\n<ul>\n<li>1x\u00a0Vandy Vape Pulse V2 BF Mod New Version<\/li>\n<li>1x Adaptador de bater\u00eda 18650<\/li>\n<li>2x Botellas BF 7ml<\/li>\n<li>1x Cable QC USB tipo C<\/li>\n<li>1x Tarjeta de garant\u00eda<\/li>\n<li>2x Manual de usuario<\/li>\n<li>1x Gu\u00eda de uso apropiado<\/li>\n<\/ul>\n","protected":false},"excerpt":{"rendered":"<p><strong>Vandy Vape Pulse V2 Mod New Version<\/strong>. El Pulse V2 es el \u00faltimo de la l\u00ednea Pulse, culminando los mejores aspectos de versiones anteriores, e incorporando la mismas tecnocog\u00eda impermeable de el\u00a0<strong>Swell Mod<\/strong>.<\/p>\n<p>Incorpora el sistema<strong>\u00a0PCBA Waterproof\u00a0<\/strong>para una situaci\u00f3n en la que su dispositivo se manch\u00f3 accidentalmente por lo que se puede lavar sacando previamente la bater\u00eda. Es\u00a0<strong>resistente al agua<\/strong>\u00a0y muy f\u00e1cil de limpiar su box mod.\u00a0En cuanto ha dise\u00f1o ha perfeccionado la forma y la ergonom\u00eda.<\/p>\n<p>Cuenta con\u00a0<strong>cargador tipo C<\/strong>\u00a0y\u00a0con un\u00a0<strong>chip Vandy<\/strong>\u00a0actualizado con una\u00a0<strong>potencia m\u00e1xima de 95W<\/strong>. Bater\u00edas reemplazables compatibles con\u00a0<strong>21700 \/ 20700 \/ 18650<\/strong>. Tiene un sistema de llenado inferior a prueba de fugas con una botella que puede extraerse para una mayor comodidad.<\/p>\n","protected":false},"featured_media":41455,"comment_status":"open","ping_status":"closed","template":"","meta":[],"product_cat":[2986],"product_tag":[],"yst_prominent_words":[655,629,656,452,1277,1275,940,1353],"supplier_id":null,"supplier_sku":"","barcode":null,"atum_controlled":true,"out_stock_date":"2022-08-13 12:36:25","out_stock_threshold":null,"inheritable":false,"inbound_stock":0,"stock_on_hold":0,"sold_today":0,"sales_last_days":0,"reserved_stock":0,"customer_returns":0,"warehouse_damage":0,"lost_in_post":0,"other_logs":0,"out_stock_days":1348,"lost_sales":0,"has_location":false,"update_date":"2026-04-22T17:26:52","atum_locations":[],"atum_stock_status":"outofstock","restock_status":false,"low_stock_amount":0,"sales_update_date":"2026-04-22T17:26:52","wcpa_form_fields":null,"_links":{"self":[{"href":"https:\/\/northernwebdesign.co.uk\/tenerifevape\/wp-json\/wp\/v2\/product\/11417"}],"collection":[{"href":"https:\/\/northernwebdesign.co.uk\/tenerifevape\/wp-json\/wp\/v2\/product"}],"about":[{"href":"https:\/\/northernwebdesign.co.uk\/tenerifevape\/wp-json\/wp\/v2\/types\/product"}],"replies":[{"embeddable":true,"href":"https:\/\/northernwebdesign.co.uk\/tenerifevape\/wp-json\/wp\/v2\/comments?post=11417"}],"wp:featuredmedia":[{"embeddable":true,"href":"https:\/\/northernwebdesign.co.uk\/tenerifevape\/wp-json\/wp\/v2\/media\/41455"}],"wp:attachment":[{"href":"https:\/\/northernwebdesign.co.uk\/tenerifevape\/wp-json\/wp\/v2\/media?parent=11417"}],"wp:term":[{"taxonomy":"product_cat","embeddable":true,"href":"https:\/\/northernwebdesign.co.uk\/tenerifevape\/wp-json\/wp\/v2\/product_cat?post=11417"},{"taxonomy":"product_tag","embeddable":true,"href":"https:\/\/northernwebdesign.co.uk\/tenerifevape\/wp-json\/wp\/v2\/product_tag?post=11417"},{"taxonomy":"yst_prominent_words","embeddable":true,"href":"https:\/\/northernwebdesign.co.uk\/tenerifevape\/wp-json\/wp\/v2\/yst_prominent_words?post=11417"}],"curies":[{"name":"wp","href":"https:\/\/api.w.org\/{rel}","templated":true}]}}