{"id":11978,"date":"2022-04-12T12:10:31","date_gmt":"2022-04-12T11:10:31","guid":{"rendered":"https:\/\/northernwebdesign.co.uk\/tenerifevape\/?post_type=product&#038;p=11978"},"modified":"2022-08-16T17:28:24","modified_gmt":"2022-08-16T16:28:24","slug":"voopoo-vinci-q-pod-kit","status":"publish","type":"product","link":"https:\/\/northernwebdesign.co.uk\/tenerifevape\/product\/voopoo-vinci-q-pod-kit\/","title":{"rendered":"Vinci Q Pod Kit | Voopoo"},"content":{"rendered":"<p>Una vez m\u00e1s, el sabor se ha mejorado gracias an\u00a0<strong>nuevo cartucho VINCI POD de 1.2ohm<\/strong>, que en comparaci\u00f3n a la versi\u00f3n anterior mantiene un sabor m\u00e1s delicado y agradable. gracias tambi\u00e9n a la \u00faltima versi\u00f3n de las coils Mesh desarroladas por el laboratorio Voopoo.<\/p>\n<p>Se pueden utilizar los Pod de\u00a0<strong>1.2ohm y de 0.8ohm<\/strong>, que se reconocer\u00e1n autom\u00e1ticamente y el Pod System regular\u00e1 la\u00a0<strong>potencia entre 11W y 15W<\/strong>, con base al gusto personal de cada vapers. La\u00a0<strong>bater\u00eda integrada de 900mAh\u00a0<\/strong>permitir\u00e1 llegar hasta el final de d\u00eda, luego se podr\u00e1 recargar r\u00e1pidamente gracias a la puerta de carga\u00a0<strong>USB de Tipo-C<\/strong>.<\/p>\n<p>Gracias al potente\u00a0<strong>Chip GENE<\/strong>, se podr\u00e1 utilizar el pod tanto de\u00a0<strong>forma autom\u00e1tica<\/strong>, osea inhalando directamente, o a trav\u00e9s la\u00a0<strong>pulsaci\u00f3n del bot\u00f3n\u00a0<\/strong>, dependiendo de las\u00a0preferencias. Adem\u00e1s, el chip,\u00a0<strong>garantiza protecci\u00f3n\u00a0<\/strong>contra sobrecarga, contra cortocircuito, contra sobrecarga de salida, contra sobredescarga y contra sobretemperatura.<\/p>\n<p>Gracias a las\u00a0<strong>entradas de aire<\/strong>, se puede disfrutar del vapeo en un milisegundo, ya que su atomizador es muy sensible y se calienta muy r\u00e1pidamente. Tambi\u00e9n el Vinci Q Pod indicar\u00e1 el nivel de bater\u00eda restante gracias a su\u00a0<strong>Led\u00a0<\/strong>en la parte frontal.<\/p>\n<h3><strong>Caracter\u00edsticas:<\/strong><\/h3>\n<ul>\n<li>Medidas: 24*14*93.5 mm<\/li>\n<li>Output: 11-15W<\/li>\n<li>Capacidad: 2ml<\/li>\n<li>Input V: 3.2-4.2V<\/li>\n<li>Bater\u00eda: integrada de 900mAh<\/li>\n<li>Pod compatibles: Vinci Pod \/ Drag Nano 2 Pod<\/li>\n<li>Activaci\u00f3n: bot\u00f3n \/ inhalaci\u00f3n<\/li>\n<\/ul>\n<p>&nbsp;<\/p>\n<h3><strong>\u00bfQu\u00e9 incluye el Voopoo Vinci Q Pod Kit?<\/strong><\/h3>\n<ul>\n<li>1x Dispositivo Vinci Q<\/li>\n<li>1x Pod (rellenado superior) (1.2ohm)<\/li>\n<li>Cable USB Tipo-C<\/li>\n<li>Manual de usuario<\/li>\n<\/ul>\n","protected":false},"excerpt":{"rendered":"<p>Llega el primer Pod kit del 2022, el\u00a0<strong>Voopoo Vinci Q Pod\u00a0<\/strong>disponilble en\u00a0<strong>6 distintos colores\u00a0<\/strong>con estilo maccar\u00f3n. Hechos en\u00a0<strong>ABS\u00a0<\/strong>y\u00a0<strong>PC<\/strong>, son muy resistentes y\u00a0tienen un peso ultra reducido, con\u00a0un dise\u00f1o a la moda para llevarlo todo el d\u00eda y vapear en absoluta libertad.<\/p>\n","protected":false},"featured_media":41478,"comment_status":"open","ping_status":"closed","template":"","meta":[],"product_cat":[2984,2998],"product_tag":[],"yst_prominent_words":[925,656,1345,940,1299,932,774],"supplier_id":null,"supplier_sku":"","barcode":null,"atum_controlled":true,"out_stock_date":null,"out_stock_threshold":null,"inheritable":true,"inbound_stock":0,"stock_on_hold":0,"sold_today":0,"sales_last_days":0,"reserved_stock":0,"customer_returns":0,"warehouse_damage":0,"lost_in_post":0,"other_logs":0,"out_stock_days":0,"lost_sales":0,"has_location":false,"update_date":"2026-04-21T17:25:55","atum_locations":[],"atum_stock_status":"instock","restock_status":false,"low_stock_amount":"","sales_update_date":"2026-04-21T17:25:55","wcpa_form_fields":null,"_links":{"self":[{"href":"https:\/\/northernwebdesign.co.uk\/tenerifevape\/wp-json\/wp\/v2\/product\/11978"}],"collection":[{"href":"https:\/\/northernwebdesign.co.uk\/tenerifevape\/wp-json\/wp\/v2\/product"}],"about":[{"href":"https:\/\/northernwebdesign.co.uk\/tenerifevape\/wp-json\/wp\/v2\/types\/product"}],"replies":[{"embeddable":true,"href":"https:\/\/northernwebdesign.co.uk\/tenerifevape\/wp-json\/wp\/v2\/comments?post=11978"}],"wp:featuredmedia":[{"embeddable":true,"href":"https:\/\/northernwebdesign.co.uk\/tenerifevape\/wp-json\/wp\/v2\/media\/41478"}],"wp:attachment":[{"href":"https:\/\/northernwebdesign.co.uk\/tenerifevape\/wp-json\/wp\/v2\/media?parent=11978"}],"wp:term":[{"taxonomy":"product_cat","embeddable":true,"href":"https:\/\/northernwebdesign.co.uk\/tenerifevape\/wp-json\/wp\/v2\/product_cat?post=11978"},{"taxonomy":"product_tag","embeddable":true,"href":"https:\/\/northernwebdesign.co.uk\/tenerifevape\/wp-json\/wp\/v2\/product_tag?post=11978"},{"taxonomy":"yst_prominent_words","embeddable":true,"href":"https:\/\/northernwebdesign.co.uk\/tenerifevape\/wp-json\/wp\/v2\/yst_prominent_words?post=11978"}],"curies":[{"name":"wp","href":"https:\/\/api.w.org\/{rel}","templated":true}]}}