{"id":5667,"date":"2018-03-12T13:20:42","date_gmt":"2018-03-12T13:20:42","guid":{"rendered":"https:\/\/northernwebdesign.co.uk\/tenerifevape\/?post_type=product&#038;p=5667"},"modified":"2022-08-16T19:10:24","modified_gmt":"2022-08-16T18:10:24","slug":"aspire-pockex-aio-plato","status":"publish","type":"product","link":"https:\/\/northernwebdesign.co.uk\/tenerifevape\/product\/aspire-pockex-aio-plato\/","title":{"rendered":"Pockex AIO Kit | Aspire"},"content":{"rendered":"<p>Par\u00e1metros Aspire PockeX Pocket AIO Starter Kit<\/p>\n<p>Tama\u00f1o: 117,7 mm (L) x 19,7 mm (D)<br \/>\nCapacidad de la bater\u00eda: 1500mAh<br \/>\nCapacidad del e-Juice: 2ml<br \/>\nResistencia: 0.6ohm SS316L (18W \u2013 23W)<\/p>\n","protected":false},"excerpt":{"rendered":"<p>Aspire PockeX Pocket AIO Starter Kit \u2013 1500mAh es un dispositivo de moda que es un todo en uno con capacidad de la bater\u00eda de 1500mAh y capacidad de e-l\u00edquido de 2 ml. PockeX Pocket AIO Starter Kit trae sabor excelente y la producci\u00f3n de vapor denso. El llenado superior, el dise\u00f1o a prueba de fugas y el mini tama\u00f1o hacen el PockeX un dispositivo portatil perfecto para un vapeo diario a nivel iniciante.<\/p>\n","protected":false},"featured_media":40864,"comment_status":"open","ping_status":"closed","template":"","meta":[],"product_cat":[2984,2998],"product_tag":[],"yst_prominent_words":[726,454],"supplier_id":null,"supplier_sku":"","barcode":null,"atum_controlled":true,"out_stock_date":null,"out_stock_threshold":null,"inheritable":false,"inbound_stock":0,"stock_on_hold":0,"sold_today":0,"sales_last_days":0,"reserved_stock":0,"customer_returns":0,"warehouse_damage":0,"lost_in_post":0,"other_logs":0,"out_stock_days":0,"lost_sales":0,"has_location":null,"update_date":"2026-04-22T17:27:22","atum_locations":[],"atum_stock_status":"instock","restock_status":false,"low_stock_amount":"","sales_update_date":"2026-04-22T17:27:22","wcpa_form_fields":null,"_links":{"self":[{"href":"https:\/\/northernwebdesign.co.uk\/tenerifevape\/wp-json\/wp\/v2\/product\/5667"}],"collection":[{"href":"https:\/\/northernwebdesign.co.uk\/tenerifevape\/wp-json\/wp\/v2\/product"}],"about":[{"href":"https:\/\/northernwebdesign.co.uk\/tenerifevape\/wp-json\/wp\/v2\/types\/product"}],"replies":[{"embeddable":true,"href":"https:\/\/northernwebdesign.co.uk\/tenerifevape\/wp-json\/wp\/v2\/comments?post=5667"}],"wp:featuredmedia":[{"embeddable":true,"href":"https:\/\/northernwebdesign.co.uk\/tenerifevape\/wp-json\/wp\/v2\/media\/40864"}],"wp:attachment":[{"href":"https:\/\/northernwebdesign.co.uk\/tenerifevape\/wp-json\/wp\/v2\/media?parent=5667"}],"wp:term":[{"taxonomy":"product_cat","embeddable":true,"href":"https:\/\/northernwebdesign.co.uk\/tenerifevape\/wp-json\/wp\/v2\/product_cat?post=5667"},{"taxonomy":"product_tag","embeddable":true,"href":"https:\/\/northernwebdesign.co.uk\/tenerifevape\/wp-json\/wp\/v2\/product_tag?post=5667"},{"taxonomy":"yst_prominent_words","embeddable":true,"href":"https:\/\/northernwebdesign.co.uk\/tenerifevape\/wp-json\/wp\/v2\/yst_prominent_words?post=5667"}],"curies":[{"name":"wp","href":"https:\/\/api.w.org\/{rel}","templated":true}]}}