{"id":5896,"date":"2018-03-17T13:46:13","date_gmt":"2018-03-17T13:46:13","guid":{"rendered":"https:\/\/northernwebdesign.co.uk\/tenerifevape\/?post_type=product&#038;p=5896"},"modified":"2022-08-16T16:45:07","modified_gmt":"2022-08-16T15:45:07","slug":"efest-slim-k2-intelligent-charger","status":"publish","type":"product","link":"https:\/\/northernwebdesign.co.uk\/tenerifevape\/product\/efest-slim-k2-intelligent-charger\/","title":{"rendered":"SLIM K2 Intelligent Cargador | Efest"},"content":{"rendered":"<p>El cargador Efest Slim K2 es un cargador port\u00e1til de 2 puertos inteligente con una carga r\u00e1pida de 1.0A especialmente pensado para cargar bater\u00edas de diferentes tama\u00f1os y viene con m\u00faltiples protecciones para que pueda cargar con seguridad.<\/p>\n<p>El cargador Slim K2 puede ser peque\u00f1o, pero est\u00e1 construido con la m\u00e1s alta calidad. El c\u00e1todo de acero aporta baja resistencia y el cromado duro se aplica para proporcionar una tensi\u00f3n de carga m\u00e1s precisa.<\/p>\n<p>Especificaciones:<\/p>\n<p>Carga r\u00e1pida: carga de 1,0 amperios<br \/>\nAcoge bater\u00edas de litio de 3.6V y 3.7V en diferentes tama\u00f1os<br \/>\nProtecci\u00f3n de polaridad inversa<br \/>\nFunci\u00f3n de activaci\u00f3n<br \/>\nDetecci\u00f3n autom\u00e1tica de la funci\u00f3n de carga<br \/>\nSobre la protecci\u00f3n de carga<br \/>\nProtecci\u00f3n contra cortocircuito<br \/>\nCertificaciones: CE y RoHS<br \/>\nContenidos del paquete:<\/p>\n<p>1x Slim K2 Charger de Efest<br \/>\n1x cable USB<br \/>\n1x tarjeta de garant\u00eda<br \/>\n1x manual de instrucciones<\/p>\n","protected":false},"excerpt":{"rendered":"<p>El cargador Efest Slim K2 es un cargador port\u00e1til de 2 puertos inteligente con una carga r\u00e1pida de 1.0A que se hizo para cargar bater\u00edas de diferentes tama\u00f1os y viene con m\u00faltiples protecciones para que pueda cargar con seguridad.<\/p>\n<p>El cargador Slim K2 puede ser peque\u00f1o, pero est\u00e1 construido con la m\u00e1s alta calidad. El resorte se hace a mano del alambre del piano y se ha probado para resorte 15.000 veces. El c\u00e1todo de acero aporta baja resistencia y el cromado duro se aplica para proporcionar una tensi\u00f3n de carga m\u00e1s precisa.<\/p>\n","protected":false},"featured_media":40868,"comment_status":"open","ping_status":"closed","template":"","meta":[],"product_cat":[2989,3035,3009],"product_tag":[],"yst_prominent_words":[],"supplier_id":null,"supplier_sku":"","barcode":null,"atum_controlled":true,"out_stock_date":null,"out_stock_threshold":null,"inheritable":false,"inbound_stock":0,"stock_on_hold":0,"sold_today":0,"sales_last_days":0,"reserved_stock":0,"customer_returns":0,"warehouse_damage":0,"lost_in_post":0,"other_logs":0,"out_stock_days":0,"lost_sales":0,"has_location":false,"update_date":"2026-04-21T17:26:29","atum_locations":[],"atum_stock_status":"instock","restock_status":false,"low_stock_amount":0,"sales_update_date":"2026-04-21T17:26:29","wcpa_form_fields":null,"_links":{"self":[{"href":"https:\/\/northernwebdesign.co.uk\/tenerifevape\/wp-json\/wp\/v2\/product\/5896"}],"collection":[{"href":"https:\/\/northernwebdesign.co.uk\/tenerifevape\/wp-json\/wp\/v2\/product"}],"about":[{"href":"https:\/\/northernwebdesign.co.uk\/tenerifevape\/wp-json\/wp\/v2\/types\/product"}],"replies":[{"embeddable":true,"href":"https:\/\/northernwebdesign.co.uk\/tenerifevape\/wp-json\/wp\/v2\/comments?post=5896"}],"wp:featuredmedia":[{"embeddable":true,"href":"https:\/\/northernwebdesign.co.uk\/tenerifevape\/wp-json\/wp\/v2\/media\/40868"}],"wp:attachment":[{"href":"https:\/\/northernwebdesign.co.uk\/tenerifevape\/wp-json\/wp\/v2\/media?parent=5896"}],"wp:term":[{"taxonomy":"product_cat","embeddable":true,"href":"https:\/\/northernwebdesign.co.uk\/tenerifevape\/wp-json\/wp\/v2\/product_cat?post=5896"},{"taxonomy":"product_tag","embeddable":true,"href":"https:\/\/northernwebdesign.co.uk\/tenerifevape\/wp-json\/wp\/v2\/product_tag?post=5896"},{"taxonomy":"yst_prominent_words","embeddable":true,"href":"https:\/\/northernwebdesign.co.uk\/tenerifevape\/wp-json\/wp\/v2\/yst_prominent_words?post=5896"}],"curies":[{"name":"wp","href":"https:\/\/api.w.org\/{rel}","templated":true}]}}