{"id":6029,"date":"2018-03-28T11:23:52","date_gmt":"2018-03-28T10:23:52","guid":{"rendered":"https:\/\/northernwebdesign.co.uk\/tenerifevape\/?post_type=product&#038;p=6029"},"modified":"2022-08-16T16:45:07","modified_gmt":"2022-08-16T15:45:07","slug":"ez-dripper-bottle","status":"publish","type":"product","link":"https:\/\/northernwebdesign.co.uk\/tenerifevape\/product\/ez-dripper-bottle\/","title":{"rendered":"EZ Dripper Bottle"},"content":{"rendered":"","protected":false},"excerpt":{"rendered":"<p>Una botella de bomba, dise\u00f1ada para proporcionar la manera m\u00e1s f\u00e1cil y limpia de rellenar su RDA.<\/p>\n","protected":false},"featured_media":40880,"comment_status":"open","ping_status":"closed","template":"","meta":[],"product_cat":[2989,3036],"product_tag":[],"yst_prominent_words":[],"supplier_id":null,"supplier_sku":"","barcode":null,"atum_controlled":true,"out_stock_date":null,"out_stock_threshold":null,"inheritable":false,"inbound_stock":0,"stock_on_hold":0,"sold_today":0,"sales_last_days":0,"reserved_stock":0,"customer_returns":0,"warehouse_damage":0,"lost_in_post":0,"other_logs":0,"out_stock_days":0,"lost_sales":0,"has_location":false,"update_date":"2026-04-21T17:25:43","atum_locations":[],"atum_stock_status":"instock","restock_status":false,"low_stock_amount":0,"sales_update_date":"2026-04-21T17:25:43","wcpa_form_fields":null,"_links":{"self":[{"href":"https:\/\/northernwebdesign.co.uk\/tenerifevape\/wp-json\/wp\/v2\/product\/6029"}],"collection":[{"href":"https:\/\/northernwebdesign.co.uk\/tenerifevape\/wp-json\/wp\/v2\/product"}],"about":[{"href":"https:\/\/northernwebdesign.co.uk\/tenerifevape\/wp-json\/wp\/v2\/types\/product"}],"replies":[{"embeddable":true,"href":"https:\/\/northernwebdesign.co.uk\/tenerifevape\/wp-json\/wp\/v2\/comments?post=6029"}],"wp:featuredmedia":[{"embeddable":true,"href":"https:\/\/northernwebdesign.co.uk\/tenerifevape\/wp-json\/wp\/v2\/media\/40880"}],"wp:attachment":[{"href":"https:\/\/northernwebdesign.co.uk\/tenerifevape\/wp-json\/wp\/v2\/media?parent=6029"}],"wp:term":[{"taxonomy":"product_cat","embeddable":true,"href":"https:\/\/northernwebdesign.co.uk\/tenerifevape\/wp-json\/wp\/v2\/product_cat?post=6029"},{"taxonomy":"product_tag","embeddable":true,"href":"https:\/\/northernwebdesign.co.uk\/tenerifevape\/wp-json\/wp\/v2\/product_tag?post=6029"},{"taxonomy":"yst_prominent_words","embeddable":true,"href":"https:\/\/northernwebdesign.co.uk\/tenerifevape\/wp-json\/wp\/v2\/yst_prominent_words?post=6029"}],"curies":[{"name":"wp","href":"https:\/\/api.w.org\/{rel}","templated":true}]}}