{"id":6059,"date":"2018-03-29T12:04:53","date_gmt":"2018-03-29T11:04:53","guid":{"rendered":"https:\/\/northernwebdesign.co.uk\/tenerifevape\/?post_type=product&#038;p=6059"},"modified":"2022-08-16T16:45:08","modified_gmt":"2022-08-16T15:45:08","slug":"aspire-k1-tank-tpd","status":"publish","type":"product","link":"https:\/\/northernwebdesign.co.uk\/tenerifevape\/product\/aspire-k1-tank-tpd\/","title":{"rendered":"K1 Tank | Aspire"},"content":{"rendered":"","protected":false},"excerpt":{"rendered":"<p>El aspire K1 es una nueva generaci\u00f3n de glassomizer, que utiliza el Aspire \u00abBVC\u00bb (bobina vertical inferior)<br \/>\nEsta nueva tecnolog\u00eda est\u00e1 dise\u00f1ada para durar m\u00e1s tiempo mientras sigue dando a los usuarios el m\u00e1s puro<br \/>\nLa punta de goteo del acero inoxidable y el vidrio de pyrex dan al aspire K1 una impresi\u00f3n met\u00e1lica fuerte, que la hace parecer muy exquisita y de gama alta<\/p>\n","protected":false},"featured_media":40282,"comment_status":"open","ping_status":"closed","template":"","meta":[],"product_cat":[2987,3027],"product_tag":[],"yst_prominent_words":[],"supplier_id":null,"supplier_sku":"","barcode":null,"atum_controlled":true,"out_stock_date":null,"out_stock_threshold":null,"inheritable":false,"inbound_stock":0,"stock_on_hold":0,"sold_today":0,"sales_last_days":0,"reserved_stock":0,"customer_returns":0,"warehouse_damage":0,"lost_in_post":0,"other_logs":0,"out_stock_days":0,"lost_sales":0,"has_location":false,"update_date":"2026-04-21T17:26:09","atum_locations":[],"atum_stock_status":"instock","restock_status":false,"low_stock_amount":0,"sales_update_date":"2026-04-21T17:26:09","wcpa_form_fields":null,"_links":{"self":[{"href":"https:\/\/northernwebdesign.co.uk\/tenerifevape\/wp-json\/wp\/v2\/product\/6059"}],"collection":[{"href":"https:\/\/northernwebdesign.co.uk\/tenerifevape\/wp-json\/wp\/v2\/product"}],"about":[{"href":"https:\/\/northernwebdesign.co.uk\/tenerifevape\/wp-json\/wp\/v2\/types\/product"}],"replies":[{"embeddable":true,"href":"https:\/\/northernwebdesign.co.uk\/tenerifevape\/wp-json\/wp\/v2\/comments?post=6059"}],"wp:featuredmedia":[{"embeddable":true,"href":"https:\/\/northernwebdesign.co.uk\/tenerifevape\/wp-json\/wp\/v2\/media\/40282"}],"wp:attachment":[{"href":"https:\/\/northernwebdesign.co.uk\/tenerifevape\/wp-json\/wp\/v2\/media?parent=6059"}],"wp:term":[{"taxonomy":"product_cat","embeddable":true,"href":"https:\/\/northernwebdesign.co.uk\/tenerifevape\/wp-json\/wp\/v2\/product_cat?post=6059"},{"taxonomy":"product_tag","embeddable":true,"href":"https:\/\/northernwebdesign.co.uk\/tenerifevape\/wp-json\/wp\/v2\/product_tag?post=6059"},{"taxonomy":"yst_prominent_words","embeddable":true,"href":"https:\/\/northernwebdesign.co.uk\/tenerifevape\/wp-json\/wp\/v2\/yst_prominent_words?post=6059"}],"curies":[{"name":"wp","href":"https:\/\/api.w.org\/{rel}","templated":true}]}}