{"id":7022,"date":"2019-02-09T11:09:09","date_gmt":"2019-02-09T11:09:09","guid":{"rendered":"https:\/\/northernwebdesign.co.uk\/tenerifevape\/?post_type=product&#038;p=7022"},"modified":"2022-08-16T17:17:16","modified_gmt":"2022-08-16T16:17:16","slug":"kings-crest-don-juan-reserve-50ml-tpd","status":"publish","type":"product","link":"https:\/\/northernwebdesign.co.uk\/tenerifevape\/product\/kings-crest-don-juan-reserve-50ml-tpd\/","title":{"rendered":"Don Juan Reserve 100ml | Kings Crest"},"content":{"rendered":"\r\n<p>Don Juan Reserve es el l\u00edquido que ha ganado dos veces a mejor l\u00edquido King`s Crest y por fin lo tenemos aqui!. Su antecesor, Don Juan, era uno de los que m\u00e1s gustaba a los vapeadores m\u00e1s exigentes, gracias a la calidad desus ingredientes: tarta de chocolate con una deliciosa bola de vainilla por encima.<\/p>\r\n","protected":false},"excerpt":{"rendered":"<p>Don Juan Reserve es el l\u00edquido que ha ganado dos veces a mejor l\u00edquido King`s Crest y por fin lo tenemos aqui!. Su antecesor, Don Juan, era uno de los que m\u00e1s gustaba a los vapeadores m\u00e1s exigentes, gracias a la calidad desus ingredientes: tarta de chocolate con una deliciosa bola de vainilla por encima.<\/p>\n","protected":false},"featured_media":40919,"comment_status":"open","ping_status":"closed","template":"","meta":[],"product_cat":[3001,2992,2985,3030],"product_tag":[1462,1428,1422,1454,1434],"yst_prominent_words":[],"supplier_id":null,"supplier_sku":"","barcode":null,"atum_controlled":true,"out_stock_date":null,"out_stock_threshold":null,"inheritable":false,"inbound_stock":0,"stock_on_hold":0,"sold_today":0,"sales_last_days":0,"reserved_stock":0,"customer_returns":0,"warehouse_damage":0,"lost_in_post":0,"other_logs":0,"out_stock_days":0,"lost_sales":0,"has_location":false,"update_date":"2026-04-22T17:27:23","atum_locations":[],"atum_stock_status":"instock","restock_status":false,"low_stock_amount":0,"sales_update_date":"2026-04-22T17:27:23","wcpa_form_fields":{"rules":{"pric_overide_base_price":false,"pric_overide_base_price_if_gt_zero":false,"pric_overide_base_price_fully":false,"pric_cal_option_once":false,"pric_use_as_fee":true,"bind_quantity":false,"quantity_bind_formula":false},"fields":[{"type":"select","required":true,"elementId":"wcpa-select-1573906300310","label":"Nicokit","enablePrice":true,"priceOptions":"different_for_all","pricingType":"fixed","use_as_fee":true,"className":"form-control","name":"select-1573906300310","cl_rule":"show","col":6,"values":[{"label":"+ 0 Nicokit","value":"0.00","price":"0.00","pimage":"","pimage_id":"","pthumb":"","selected":true},{"label":"+ 1 Nicokit","value":"0.75","price":"0.75","pimage":"","pimage_id":"","pthumb":""},{"label":"+ 2 Nicokit","value":"1.50","price":"1.50","pimage":"","pimage_id":"","pthumb":""},{"label":"+ 3 Nicokit","value":"2.25","price":"2.25","pimage":"","pimage_id":"","pthumb":""},{"label":"+ 4 Nicokit","value":"3.00","price":"3.00","pimage":"","pimage_id":"","pthumb":""}],"relations":false,"price":0,"form_id":8641,"form_rules":{"pric_cal_option_once":false,"exclude_from_discount":false,"pric_use_as_fee":false,"fee_label":"","render_after_acb":false,"disp_hide_options_price":false}}]},"_links":{"self":[{"href":"https:\/\/northernwebdesign.co.uk\/tenerifevape\/wp-json\/wp\/v2\/product\/7022"}],"collection":[{"href":"https:\/\/northernwebdesign.co.uk\/tenerifevape\/wp-json\/wp\/v2\/product"}],"about":[{"href":"https:\/\/northernwebdesign.co.uk\/tenerifevape\/wp-json\/wp\/v2\/types\/product"}],"replies":[{"embeddable":true,"href":"https:\/\/northernwebdesign.co.uk\/tenerifevape\/wp-json\/wp\/v2\/comments?post=7022"}],"wp:featuredmedia":[{"embeddable":true,"href":"https:\/\/northernwebdesign.co.uk\/tenerifevape\/wp-json\/wp\/v2\/media\/40919"}],"wp:attachment":[{"href":"https:\/\/northernwebdesign.co.uk\/tenerifevape\/wp-json\/wp\/v2\/media?parent=7022"}],"wp:term":[{"taxonomy":"product_cat","embeddable":true,"href":"https:\/\/northernwebdesign.co.uk\/tenerifevape\/wp-json\/wp\/v2\/product_cat?post=7022"},{"taxonomy":"product_tag","embeddable":true,"href":"https:\/\/northernwebdesign.co.uk\/tenerifevape\/wp-json\/wp\/v2\/product_tag?post=7022"},{"taxonomy":"yst_prominent_words","embeddable":true,"href":"https:\/\/northernwebdesign.co.uk\/tenerifevape\/wp-json\/wp\/v2\/yst_prominent_words?post=7022"}],"curies":[{"name":"wp","href":"https:\/\/api.w.org\/{rel}","templated":true}]}}