{"id":8012,"date":"2019-09-06T17:34:59","date_gmt":"2019-09-06T16:34:59","guid":{"rendered":"https:\/\/northernwebdesign.co.uk\/tenerifevape\/?post_type=product&#038;p=8012"},"modified":"2024-06-22T18:49:25","modified_gmt":"2024-06-22T17:49:25","slug":"chemnovatic-salt-nicshot-vpg-20mg-10ml","status":"publish","type":"product","link":"https:\/\/northernwebdesign.co.uk\/tenerifevape\/product\/chemnovatic-salt-nicshot-vpg-20mg-10ml\/","title":{"rendered":"ChemNovatic Salt NicShot VPG 20mg 10ml"},"content":{"rendered":"","protected":false},"excerpt":{"rendered":"<p><strong>ChemNovatic Salt NicShot VPG 20mg 10ml 50\/50 (VG\/PG)<\/strong><\/p>\n<p>Tome el control de sus e-l\u00edquidos con nuestra innovadora soluci\u00f3n de sal de nicotina. Hecho de los ingredientes de la m\u00e1s alta calidad de CHEMNOVATIC, conocidos en todo el mundo, NicShot le permite dar a sus e-liquidos el impulso necesario.<\/p>\n","protected":false},"featured_media":41023,"comment_status":"open","ping_status":"closed","template":"","meta":[],"product_cat":[3005,2985,3040,2995],"product_tag":[],"yst_prominent_words":[],"supplier_id":null,"supplier_sku":"","barcode":null,"atum_controlled":true,"out_stock_date":null,"out_stock_threshold":null,"inheritable":false,"inbound_stock":0,"stock_on_hold":0,"sold_today":0,"sales_last_days":0,"reserved_stock":0,"customer_returns":0,"warehouse_damage":0,"lost_in_post":0,"other_logs":0,"out_stock_days":0,"lost_sales":0,"has_location":false,"update_date":"2026-04-27T17:45:08","atum_locations":[],"atum_stock_status":"instock","restock_status":false,"low_stock_amount":0,"sales_update_date":"2026-04-27T17:45:08","wcpa_form_fields":null,"_links":{"self":[{"href":"https:\/\/northernwebdesign.co.uk\/tenerifevape\/wp-json\/wp\/v2\/product\/8012"}],"collection":[{"href":"https:\/\/northernwebdesign.co.uk\/tenerifevape\/wp-json\/wp\/v2\/product"}],"about":[{"href":"https:\/\/northernwebdesign.co.uk\/tenerifevape\/wp-json\/wp\/v2\/types\/product"}],"replies":[{"embeddable":true,"href":"https:\/\/northernwebdesign.co.uk\/tenerifevape\/wp-json\/wp\/v2\/comments?post=8012"}],"wp:featuredmedia":[{"embeddable":true,"href":"https:\/\/northernwebdesign.co.uk\/tenerifevape\/wp-json\/wp\/v2\/media\/41023"}],"wp:attachment":[{"href":"https:\/\/northernwebdesign.co.uk\/tenerifevape\/wp-json\/wp\/v2\/media?parent=8012"}],"wp:term":[{"taxonomy":"product_cat","embeddable":true,"href":"https:\/\/northernwebdesign.co.uk\/tenerifevape\/wp-json\/wp\/v2\/product_cat?post=8012"},{"taxonomy":"product_tag","embeddable":true,"href":"https:\/\/northernwebdesign.co.uk\/tenerifevape\/wp-json\/wp\/v2\/product_tag?post=8012"},{"taxonomy":"yst_prominent_words","embeddable":true,"href":"https:\/\/northernwebdesign.co.uk\/tenerifevape\/wp-json\/wp\/v2\/yst_prominent_words?post=8012"}],"curies":[{"name":"wp","href":"https:\/\/api.w.org\/{rel}","templated":true}]}}