{"id":9908,"date":"2020-06-05T17:20:10","date_gmt":"2020-06-05T16:20:10","guid":{"rendered":"https:\/\/northernwebdesign.co.uk\/tenerifevape\/?post_type=product&#038;p=9908"},"modified":"2022-08-16T16:45:39","modified_gmt":"2022-08-16T15:45:39","slug":"voopoo-drag-s-mod-pod-2500mah-galaxy-blue-2ml-tpd-proximamente","status":"publish","type":"product","link":"https:\/\/northernwebdesign.co.uk\/tenerifevape\/product\/voopoo-drag-s-mod-pod-2500mah-galaxy-blue-2ml-tpd-proximamente\/","title":{"rendered":"Drag S Mod Pod 2500mah (Bronze Knight) | Voopoo"},"content":{"rendered":"<p>En cuanto al mod, cuenta con una potencia ajustable en el rango de 5 a\u00a060 vatios y la\u00a0<strong>posibilidad de usarlo con calada autom\u00e1tica o manual<\/strong>.\u00a0Todo controlado bajo el poder del\u00a0chip GENE.TT, que nos permite obtener una calada inmediata en tan solo 0,001s, y multitud de informaci\u00f3n relevante como el control de cantidad de caladas, la protecci\u00f3n contra pulsaciones y un sinf\u00edn de protecciones de seguridad para que tu experiencia con el vapeo sea lo m\u00e1s placentera posible.<\/p>\n<p><strong>CARACTER\u00cdSTICAS<br \/>\n<\/strong><strong>Tama\u00f1o:<\/strong>\u00a087mm x\u00a033mm x 28mm<br \/>\n<strong>Peso:<\/strong>\u00a0&#8211;<br \/>\n<strong>Material:\u00a0<\/strong>PCTG (Cartuchos) | Aleaci\u00f3n de Zinc + Cuero (Mod)<br \/>\n<strong>Capacidad:<\/strong>\u00a02ml (TPD)<br \/>\n<strong>Capacidad de la Bater\u00eda:<\/strong>\u00a0Interna\u00a02500\u00a0mAh<br \/>\n<strong>Cable de carga:<\/strong>\u00a0Tipo C<br \/>\n<strong>Rango de resistencia:<\/strong>\u00a00.1ohm &#8211; 3.0ohm<br \/>\n<strong>Tipo de resistencias:<\/strong>\u00a0Serie PnP de Voopoo<br \/>\n<strong>Corriente de carga:<\/strong>\u00a01.2A Max<br \/>\n<strong>Rango de potencia:<\/strong>\u00a05W &#8211; 60W<br \/>\n<strong>Rango de Voltaje:<\/strong>\u00a03.2V &#8211; 4.2V<br \/>\n<strong>Dise\u00f1o ergon\u00f3mico<br \/>\nProtecciones electr\u00f3nicas<\/strong><\/p>\n<p><strong>CONTENIDO DE LA CAJA<\/strong><br \/>\n<strong>1x<\/strong>\u00a0Pod Drag S<br \/>\n<strong>1x<\/strong>\u00a0Cartucho 2ml<br \/>\n<strong>1x<\/strong>\u00a0PnP VM1 0.3ohm<br \/>\n<strong>1x<\/strong>\u00a0PnP\u00a0VM5 0.2ohm<br \/>\n<strong>1x<\/strong>\u00a0Cable de carga\u00a0Tipo C<br \/>\n<strong>1x<\/strong>\u00a0Tarjeta de garant\u00eda<br \/>\n<strong>1x<\/strong>\u00a0Manual de Usuario<\/p>\n","protected":false},"excerpt":{"rendered":"<p><strong>DRAG S Kit<\/strong>\u00a0es un dispositvo pod compacto y ergon\u00f3mico que cuenta con un sistema de\u00a0<strong>cartuchos reemplazables de 2ml de capacidad<\/strong>\u00a0y una bater\u00eda incorporada de 2500mAh.\u00a0En cuanto al cartucho, adopta un dise\u00f1o de recarga por la zona inferior y un innovador sistema de flujo de aire infinito y regulable para una experiencia m\u00e1s c\u00f3moda.\u00a0\u00a0Incluido con el dispositivo vienen dos resistencias de la<strong>\u00a0gama pnp de Voopoo,<\/strong>\u00a0una PnP-VM1 de 0,3 ohmios y otra PnP-VM5 de 0,2 ohmios, aunque tambi\u00e9n es compatible con el resto de resistencias para poder disfrutar del dispositivo ya sea con calada directa a pulm\u00f3n o con calada MTL (boca-pulm\u00f3n).<\/p>\n","protected":false},"featured_media":41196,"comment_status":"open","ping_status":"closed","template":"","meta":[],"product_cat":[2984,2998,2999],"product_tag":[],"yst_prominent_words":[629,931,933,1281,1273,1271,1270,1278,726,1276,1274,1272,1279,1090,935,484,1280,452,1277,1275],"supplier_id":null,"supplier_sku":"","barcode":null,"atum_controlled":true,"out_stock_date":"2022-08-13 11:12:39","out_stock_threshold":null,"inheritable":false,"inbound_stock":0,"stock_on_hold":0,"sold_today":0,"sales_last_days":0,"reserved_stock":0,"customer_returns":0,"warehouse_damage":0,"lost_in_post":0,"other_logs":0,"out_stock_days":1348,"lost_sales":0,"has_location":false,"update_date":"2026-04-22T17:27:08","atum_locations":[],"atum_stock_status":"outofstock","restock_status":false,"low_stock_amount":0,"sales_update_date":"2026-04-22T17:27:08","wcpa_form_fields":null,"_links":{"self":[{"href":"https:\/\/northernwebdesign.co.uk\/tenerifevape\/wp-json\/wp\/v2\/product\/9908"}],"collection":[{"href":"https:\/\/northernwebdesign.co.uk\/tenerifevape\/wp-json\/wp\/v2\/product"}],"about":[{"href":"https:\/\/northernwebdesign.co.uk\/tenerifevape\/wp-json\/wp\/v2\/types\/product"}],"replies":[{"embeddable":true,"href":"https:\/\/northernwebdesign.co.uk\/tenerifevape\/wp-json\/wp\/v2\/comments?post=9908"}],"wp:featuredmedia":[{"embeddable":true,"href":"https:\/\/northernwebdesign.co.uk\/tenerifevape\/wp-json\/wp\/v2\/media\/41196"}],"wp:attachment":[{"href":"https:\/\/northernwebdesign.co.uk\/tenerifevape\/wp-json\/wp\/v2\/media?parent=9908"}],"wp:term":[{"taxonomy":"product_cat","embeddable":true,"href":"https:\/\/northernwebdesign.co.uk\/tenerifevape\/wp-json\/wp\/v2\/product_cat?post=9908"},{"taxonomy":"product_tag","embeddable":true,"href":"https:\/\/northernwebdesign.co.uk\/tenerifevape\/wp-json\/wp\/v2\/product_tag?post=9908"},{"taxonomy":"yst_prominent_words","embeddable":true,"href":"https:\/\/northernwebdesign.co.uk\/tenerifevape\/wp-json\/wp\/v2\/yst_prominent_words?post=9908"}],"curies":[{"name":"wp","href":"https:\/\/api.w.org\/{rel}","templated":true}]}}